{"id":1374,"date":"2022-12-21T16:40:09","date_gmt":"2022-12-21T15:40:09","guid":{"rendered":"http:\/\/magnac-christophe.net\/?page_id=1374"},"modified":"2024-04-22T09:16:02","modified_gmt":"2024-04-22T07:16:02","slug":"sexologie","status":"publish","type":"page","link":"https:\/\/magnac-christophe.net\/index.php\/sexologie\/","title":{"rendered":"Sexologie"},"content":{"rendered":"\t\t<div data-elementor-type=\"wp-page\" data-elementor-id=\"1374\" class=\"elementor elementor-1374\">\n\t\t\t\t\t\t<section class=\"elementor-section elementor-top-section elementor-element elementor-element-801e2dd elementor-section-boxed elementor-section-height-default elementor-section-height-default\" data-id=\"801e2dd\" data-element_type=\"section\" data-e-type=\"section\">\n\t\t\t\t\t\t<div class=\"elementor-container elementor-column-gap-default\">\n\t\t\t\t\t<div class=\"elementor-column elementor-col-100 elementor-top-column elementor-element elementor-element-0236849\" data-id=\"0236849\" data-element_type=\"column\" data-e-type=\"column\">\n\t\t\t<div class=\"elementor-widget-wrap elementor-element-populated\">\n\t\t\t\t\t\t<div class=\"elementor-element elementor-element-01aa589 elementor-widget elementor-widget-spacer\" data-id=\"01aa589\" data-element_type=\"widget\" data-e-type=\"widget\" data-widget_type=\"spacer.default\">\n\t\t\t\t<div class=\"elementor-widget-container\">\n\t\t\t\t\t\t\t<div class=\"elementor-spacer\">\n\t\t\t<div class=\"elementor-spacer-inner\"><\/div>\n\t\t<\/div>\n\t\t\t\t\t\t<\/div>\n\t\t\t\t<\/div>\n\t\t\t\t<div class=\"elementor-element elementor-element-7a5f661 elementor-invisible elementor-widget elementor-widget-heading\" data-id=\"7a5f661\" data-element_type=\"widget\" data-e-type=\"widget\" data-settings=\"{&quot;_animation&quot;:&quot;fadeInLeft&quot;}\" data-widget_type=\"heading.default\">\n\t\t\t\t<div class=\"elementor-widget-container\">\n\t\t\t\t\t<h2 class=\"elementor-heading-title elementor-size-default\">La sexologie :<\/h2>\t\t\t\t<\/div>\n\t\t\t\t<\/div>\n\t\t\t\t<div class=\"elementor-element elementor-element-958b324 elementor-invisible elementor-widget elementor-widget-text-editor\" data-id=\"958b324\" data-element_type=\"widget\" data-e-type=\"widget\" data-settings=\"{&quot;_animation&quot;:&quot;fadeInRight&quot;}\" data-widget_type=\"text-editor.default\">\n\t\t\t\t<div class=\"elementor-widget-container\">\n\t\t\t\t\t\t\t\t\t<p><\/p><p>Sujet sensible, car il touche l\u2019intimit\u00e9 des gens, et il n\u2019est pas facile de reconnaitre, voir d\u2019exposer ce genre de soucis. De nombreux couples finissent par se s\u00e9parer \u00e0 cause du sexe qui repr\u00e9sente 50% de l\u2019\u00e9quilibre de l\u2019union.<\/p><p> <\/p><p><strong>\u00a0 &#8211;<\/strong> On consulte un sexologue lorsque les soucis sont d\u2019ordre psychologique, th\u00e9rapie de couple, somatique, nerveux, de communication, de blocage, perte de libido, etc\u2026<\/p><p> <\/p><p>Une sexoth\u00e9rapie \u00e0 plusieurs facettes (th\u00e9rapie cognitive, th\u00e9rapie comportementale, th\u00e9rapie de couple, modification des ancrages, etc&#8230;), il convient de voir avec votre praticien celle qui vous correspond le mieux.<\/p><p> <\/p><p>Le plancher pelvien est fragile et avec l&rsquo;\u00e2ge, ou un traumatisme comme un accouchement\u202f; celui-ci perd de sa tonicit\u00e9 et peut provoquer des dyspareunies (douleurs lors des rapports intimes), de l&rsquo;incontinence, etc&#8230; Des exercices de renforcement pelvien sont donc n\u00e9cessaires pour retrouver un bon fonctionnement.<\/p><p> <\/p><p>Chez les hommes, un p\u00e9rin\u00e9e affaibli peut provoquer une \u00e9jaculation pr\u00e9coce, une difficult\u00e9 \u00e9rectile, etc&#8230;.<\/p><p> <\/p><p>Parlez-en \u00e0 votre praticien qui sera vous guider et vous aider \u00e0 surmonter vos troubles. Un sexologue est un professionnel de la sant\u00e9 sexuelle, vous pouvez vous confier \u00e0 lui sans crainte.<\/p><p><\/p>\t\t\t\t\t\t\t\t<\/div>\n\t\t\t\t<\/div>\n\t\t\t\t\t<\/div>\n\t\t<\/div>\n\t\t\t\t\t<\/div>\n\t\t<\/section>\n\t\t\t\t<section class=\"elementor-section elementor-top-section elementor-element elementor-element-5e46dfd elementor-section-boxed elementor-section-height-default elementor-section-height-default\" data-id=\"5e46dfd\" data-element_type=\"section\" data-e-type=\"section\">\n\t\t\t\t\t\t<div class=\"elementor-container elementor-column-gap-default\">\n\t\t\t\t\t<div class=\"elementor-column elementor-col-20 elementor-top-column elementor-element elementor-element-b3b0980\" data-id=\"b3b0980\" data-element_type=\"column\" data-e-type=\"column\">\n\t\t\t<div class=\"elementor-widget-wrap elementor-element-populated\">\n\t\t\t\t\t\t<div class=\"elementor-element elementor-element-35ef6b8 elementor-position-top elementor-invisible elementor-widget elementor-widget-image-box\" data-id=\"35ef6b8\" data-element_type=\"widget\" data-e-type=\"widget\" data-settings=\"{&quot;_animation&quot;:&quot;fadeInUp&quot;}\" data-widget_type=\"image-box.default\">\n\t\t\t\t<div class=\"elementor-widget-container\">\n\t\t\t\t\t<div class=\"elementor-image-box-wrapper\"><figure class=\"elementor-image-box-img\"><img fetchpriority=\"high\" decoding=\"async\" width=\"238\" height=\"212\" src=\"https:\/\/magnac-christophe.net\/wp-content\/uploads\/2022\/12\/images-1.png\" class=\"attachment-full size-full wp-image-1377\" alt=\"sexologie massage yoni\" \/><\/figure><div class=\"elementor-image-box-content\"><h4 class=\"elementor-image-box-title\">Vaginisme<\/h4><\/div><\/div>\t\t\t\t<\/div>\n\t\t\t\t<\/div>\n\t\t\t\t<div class=\"elementor-element elementor-element-3e280bd elementor-position-top elementor-invisible elementor-widget elementor-widget-image-box\" data-id=\"3e280bd\" data-element_type=\"widget\" data-e-type=\"widget\" data-settings=\"{&quot;_animation&quot;:&quot;fadeInUp&quot;}\" data-widget_type=\"image-box.default\">\n\t\t\t\t<div class=\"elementor-widget-container\">\n\t\t\t\t\t<div class=\"elementor-image-box-wrapper\"><figure class=\"elementor-image-box-img\"><img fetchpriority=\"high\" decoding=\"async\" width=\"238\" height=\"212\" src=\"https:\/\/magnac-christophe.net\/wp-content\/uploads\/2022\/12\/images-1.png\" class=\"attachment-full size-full wp-image-1377\" alt=\"sexologie massage yoni\" \/><\/figure><div class=\"elementor-image-box-content\"><h4 class=\"elementor-image-box-title\">Difficult\u00e9s \u00e9rectiles<\/h4><\/div><\/div>\t\t\t\t<\/div>\n\t\t\t\t<\/div>\n\t\t\t\t\t<\/div>\n\t\t<\/div>\n\t\t\t\t<div class=\"elementor-column elementor-col-20 elementor-top-column elementor-element elementor-element-b45bdf1\" data-id=\"b45bdf1\" data-element_type=\"column\" data-e-type=\"column\">\n\t\t\t<div class=\"elementor-widget-wrap elementor-element-populated\">\n\t\t\t\t\t\t<div class=\"elementor-element elementor-element-6001e37 elementor-position-top elementor-invisible elementor-widget elementor-widget-image-box\" data-id=\"6001e37\" data-element_type=\"widget\" data-e-type=\"widget\" data-settings=\"{&quot;_animation&quot;:&quot;fadeInDown&quot;}\" data-widget_type=\"image-box.default\">\n\t\t\t\t<div class=\"elementor-widget-container\">\n\t\t\t\t\t<div class=\"elementor-image-box-wrapper\"><figure class=\"elementor-image-box-img\"><img fetchpriority=\"high\" decoding=\"async\" width=\"238\" height=\"212\" src=\"https:\/\/magnac-christophe.net\/wp-content\/uploads\/2022\/12\/images-1.png\" class=\"attachment-full size-full wp-image-1377\" alt=\"sexologie massage yoni\" \/><\/figure><div class=\"elementor-image-box-content\"><h4 class=\"elementor-image-box-title\">\u00c9jaculation Pr\u00e9coce<\/h4><\/div><\/div>\t\t\t\t<\/div>\n\t\t\t\t<\/div>\n\t\t\t\t<div class=\"elementor-element elementor-element-47f50cd elementor-position-top elementor-invisible elementor-widget elementor-widget-image-box\" data-id=\"47f50cd\" data-element_type=\"widget\" data-e-type=\"widget\" data-settings=\"{&quot;_animation&quot;:&quot;fadeInDown&quot;}\" data-widget_type=\"image-box.default\">\n\t\t\t\t<div class=\"elementor-widget-container\">\n\t\t\t\t\t<div class=\"elementor-image-box-wrapper\"><figure class=\"elementor-image-box-img\"><img fetchpriority=\"high\" decoding=\"async\" width=\"238\" height=\"212\" src=\"https:\/\/magnac-christophe.net\/wp-content\/uploads\/2022\/12\/images-1.png\" class=\"attachment-full size-full wp-image-1377\" alt=\"sexologie massage yoni\" \/><\/figure><div class=\"elementor-image-box-content\"><h4 class=\"elementor-image-box-title\">Exercices de Kegel<\/h4><\/div><\/div>\t\t\t\t<\/div>\n\t\t\t\t<\/div>\n\t\t\t\t\t<\/div>\n\t\t<\/div>\n\t\t\t\t<div class=\"elementor-column elementor-col-20 elementor-top-column elementor-element elementor-element-e5d7f26\" data-id=\"e5d7f26\" data-element_type=\"column\" data-e-type=\"column\">\n\t\t\t<div class=\"elementor-widget-wrap elementor-element-populated\">\n\t\t\t\t\t\t<div class=\"elementor-element elementor-element-b597a42 elementor-position-top elementor-invisible elementor-widget elementor-widget-image-box\" data-id=\"b597a42\" data-element_type=\"widget\" data-e-type=\"widget\" data-settings=\"{&quot;_animation&quot;:&quot;fadeInUp&quot;}\" data-widget_type=\"image-box.default\">\n\t\t\t\t<div class=\"elementor-widget-container\">\n\t\t\t\t\t<div class=\"elementor-image-box-wrapper\"><figure class=\"elementor-image-box-img\"><img fetchpriority=\"high\" decoding=\"async\" width=\"238\" height=\"212\" src=\"https:\/\/magnac-christophe.net\/wp-content\/uploads\/2022\/12\/images-1.png\" class=\"attachment-full size-full wp-image-1377\" alt=\"sexologie massage yoni\" \/><\/figure><div class=\"elementor-image-box-content\"><h4 class=\"elementor-image-box-title\">Perte de libido<\/h4><\/div><\/div>\t\t\t\t<\/div>\n\t\t\t\t<\/div>\n\t\t\t\t<div class=\"elementor-element elementor-element-a48df58 elementor-position-top elementor-invisible elementor-widget elementor-widget-image-box\" data-id=\"a48df58\" data-element_type=\"widget\" data-e-type=\"widget\" data-settings=\"{&quot;_animation&quot;:&quot;fadeInUp&quot;}\" data-widget_type=\"image-box.default\">\n\t\t\t\t<div class=\"elementor-widget-container\">\n\t\t\t\t\t<div class=\"elementor-image-box-wrapper\"><figure class=\"elementor-image-box-img\"><img fetchpriority=\"high\" decoding=\"async\" width=\"238\" height=\"212\" src=\"https:\/\/magnac-christophe.net\/wp-content\/uploads\/2022\/12\/images-1.png\" class=\"attachment-full size-full wp-image-1377\" alt=\"sexologie massage yoni\" \/><\/figure><div class=\"elementor-image-box-content\"><h4 class=\"elementor-image-box-title\">Agression<\/h4><\/div><\/div>\t\t\t\t<\/div>\n\t\t\t\t<\/div>\n\t\t\t\t\t<\/div>\n\t\t<\/div>\n\t\t\t\t<div class=\"elementor-column elementor-col-20 elementor-top-column elementor-element elementor-element-c9550d2\" data-id=\"c9550d2\" data-element_type=\"column\" data-e-type=\"column\">\n\t\t\t<div class=\"elementor-widget-wrap elementor-element-populated\">\n\t\t\t\t\t\t<div class=\"elementor-element elementor-element-01e2d02 elementor-position-top elementor-invisible elementor-widget elementor-widget-image-box\" data-id=\"01e2d02\" data-element_type=\"widget\" data-e-type=\"widget\" data-settings=\"{&quot;_animation&quot;:&quot;fadeInDown&quot;}\" data-widget_type=\"image-box.default\">\n\t\t\t\t<div class=\"elementor-widget-container\">\n\t\t\t\t\t<div class=\"elementor-image-box-wrapper\"><figure class=\"elementor-image-box-img\"><img fetchpriority=\"high\" decoding=\"async\" width=\"238\" height=\"212\" src=\"https:\/\/magnac-christophe.net\/wp-content\/uploads\/2022\/12\/images-1.png\" class=\"attachment-full size-full wp-image-1377\" alt=\"sexologie massage yoni\" \/><\/figure><div class=\"elementor-image-box-content\"><h4 class=\"elementor-image-box-title\">Recherche identit\u00e9<\/h4><\/div><\/div>\t\t\t\t<\/div>\n\t\t\t\t<\/div>\n\t\t\t\t<div class=\"elementor-element elementor-element-4ca4ec7 elementor-position-top elementor-invisible elementor-widget elementor-widget-image-box\" data-id=\"4ca4ec7\" data-element_type=\"widget\" data-e-type=\"widget\" data-settings=\"{&quot;_animation&quot;:&quot;fadeInDown&quot;}\" data-widget_type=\"image-box.default\">\n\t\t\t\t<div class=\"elementor-widget-container\">\n\t\t\t\t\t<div class=\"elementor-image-box-wrapper\"><figure class=\"elementor-image-box-img\"><img fetchpriority=\"high\" decoding=\"async\" width=\"238\" height=\"212\" src=\"https:\/\/magnac-christophe.net\/wp-content\/uploads\/2022\/12\/images-1.png\" class=\"attachment-full size-full wp-image-1377\" alt=\"sexologie massage yoni\" \/><\/figure><div class=\"elementor-image-box-content\"><h4 class=\"elementor-image-box-title\">Anorgasmie<\/h4><\/div><\/div>\t\t\t\t<\/div>\n\t\t\t\t<\/div>\n\t\t\t\t\t<\/div>\n\t\t<\/div>\n\t\t\t\t<div class=\"elementor-column elementor-col-20 elementor-top-column elementor-element elementor-element-205aaa0\" data-id=\"205aaa0\" data-element_type=\"column\" data-e-type=\"column\">\n\t\t\t<div class=\"elementor-widget-wrap elementor-element-populated\">\n\t\t\t\t\t\t<div class=\"elementor-element elementor-element-1812c53 elementor-position-top elementor-invisible elementor-widget elementor-widget-image-box\" data-id=\"1812c53\" data-element_type=\"widget\" data-e-type=\"widget\" data-settings=\"{&quot;_animation&quot;:&quot;fadeInUp&quot;}\" data-widget_type=\"image-box.default\">\n\t\t\t\t<div class=\"elementor-widget-container\">\n\t\t\t\t\t<div class=\"elementor-image-box-wrapper\"><figure class=\"elementor-image-box-img\"><img fetchpriority=\"high\" decoding=\"async\" width=\"238\" height=\"212\" src=\"https:\/\/magnac-christophe.net\/wp-content\/uploads\/2022\/12\/images-1.png\" class=\"attachment-full size-full wp-image-1377\" alt=\"sexologie massage yoni\" \/><\/figure><div class=\"elementor-image-box-content\"><h4 class=\"elementor-image-box-title\">Dyspareunie<\/h4><\/div><\/div>\t\t\t\t<\/div>\n\t\t\t\t<\/div>\n\t\t\t\t<div class=\"elementor-element elementor-element-54a263d elementor-position-top elementor-invisible elementor-widget elementor-widget-image-box\" data-id=\"54a263d\" data-element_type=\"widget\" data-e-type=\"widget\" data-settings=\"{&quot;_animation&quot;:&quot;fadeInUp&quot;}\" data-widget_type=\"image-box.default\">\n\t\t\t\t<div class=\"elementor-widget-container\">\n\t\t\t\t\t<div class=\"elementor-image-box-wrapper\"><figure class=\"elementor-image-box-img\"><img fetchpriority=\"high\" decoding=\"async\" width=\"238\" height=\"212\" src=\"https:\/\/magnac-christophe.net\/wp-content\/uploads\/2022\/12\/images-1.png\" class=\"attachment-full size-full wp-image-1377\" alt=\"sexologie massage yoni\" \/><\/figure><div class=\"elementor-image-box-content\"><h4 class=\"elementor-image-box-title\">Prolapsus<\/h4><\/div><\/div>\t\t\t\t<\/div>\n\t\t\t\t<\/div>\n\t\t\t\t\t<\/div>\n\t\t<\/div>\n\t\t\t\t\t<\/div>\n\t\t<\/section>\n\t\t\t\t<\/div>\n\t\t","protected":false},"excerpt":{"rendered":"<p>La sexologie : Sujet sensible, car il touche l\u2019intimit\u00e9 des gens, et il n\u2019est pas facile de reconnaitre, voir d\u2019exposer ce genre de soucis. De nombreux couples finissent par se s\u00e9parer \u00e0 cause du sexe qui repr\u00e9sente 50% de l\u2019\u00e9quilibre de l\u2019union. \u00a0 &#8211; On consulte un sexologue lorsque les soucis sont d\u2019ordre psychologique, th\u00e9rapie&hellip;&nbsp;<a href=\"https:\/\/magnac-christophe.net\/index.php\/sexologie\/\" rel=\"bookmark\">Lire la suite &raquo;<span class=\"screen-reader-text\">Sexologie<\/span><\/a><\/p>\n","protected":false},"author":1,"featured_media":0,"parent":0,"menu_order":0,"comment_status":"closed","ping_status":"closed","template":"page-templates\/template-pagebuilder-full-width.php","meta":{"neve_meta_sidebar":"","neve_meta_container":"","neve_meta_enable_content_width":"","neve_meta_content_width":0,"neve_meta_title_alignment":"","neve_meta_author_avatar":"","neve_post_elements_order":"","neve_meta_disable_header":"","neve_meta_disable_footer":"","neve_meta_disable_title":"","footnotes":""},"class_list":["post-1374","page","type-page","status-publish","hentry"],"yoast_head":"<!-- This site is optimized with the Yoast SEO plugin v27.4 - https:\/\/yoast.com\/product\/yoast-seo-wordpress\/ -->\n<title>Sexologie - Psychanalyste Addictologue Sexologue<\/title>\n<meta name=\"robots\" content=\"index, follow, max-snippet:-1, max-image-preview:large, max-video-preview:-1\" \/>\n<link rel=\"canonical\" href=\"https:\/\/magnac-christophe.net\/index.php\/sexologie\/\" \/>\n<meta property=\"og:locale\" content=\"fr_FR\" \/>\n<meta property=\"og:type\" content=\"article\" \/>\n<meta property=\"og:title\" content=\"Sexologie - Psychanalyste Addictologue Sexologue\" \/>\n<meta property=\"og:description\" content=\"La sexologie : Sujet sensible, car il touche l\u2019intimit\u00e9 des gens, et il n\u2019est pas facile de reconnaitre, voir d\u2019exposer ce genre de soucis. De nombreux couples finissent par se s\u00e9parer \u00e0 cause du sexe qui repr\u00e9sente 50% de l\u2019\u00e9quilibre de l\u2019union. \u00a0 &#8211; On consulte un sexologue lorsque les soucis sont d\u2019ordre psychologique, th\u00e9rapie&hellip;&nbsp;Lire la suite &raquo;Sexologie\" \/>\n<meta property=\"og:url\" content=\"https:\/\/magnac-christophe.net\/index.php\/sexologie\/\" \/>\n<meta property=\"og:site_name\" content=\"Psychanalyste Addictologue Sexologue\" \/>\n<meta property=\"article:modified_time\" content=\"2024-04-22T07:16:02+00:00\" \/>\n<meta property=\"og:image\" content=\"https:\/\/magnac-christophe.net\/wp-content\/uploads\/2022\/12\/images-1.png\" \/>\n<meta name=\"twitter:card\" content=\"summary_large_image\" \/>\n<meta name=\"twitter:label1\" content=\"Dur\u00e9e de lecture estim\u00e9e\" \/>\n\t<meta name=\"twitter:data1\" content=\"4 minutes\" \/>\n<script type=\"application\/ld+json\" class=\"yoast-schema-graph\">{\"@context\":\"https:\\\/\\\/schema.org\",\"@graph\":[{\"@type\":\"WebPage\",\"@id\":\"https:\\\/\\\/magnac-christophe.net\\\/index.php\\\/sexologie\\\/\",\"url\":\"https:\\\/\\\/magnac-christophe.net\\\/index.php\\\/sexologie\\\/\",\"name\":\"Sexologie - Psychanalyste Addictologue Sexologue\",\"isPartOf\":{\"@id\":\"https:\\\/\\\/magnac-christophe.net\\\/#website\"},\"primaryImageOfPage\":{\"@id\":\"https:\\\/\\\/magnac-christophe.net\\\/index.php\\\/sexologie\\\/#primaryimage\"},\"image\":{\"@id\":\"https:\\\/\\\/magnac-christophe.net\\\/index.php\\\/sexologie\\\/#primaryimage\"},\"thumbnailUrl\":\"https:\\\/\\\/magnac-christophe.net\\\/wp-content\\\/uploads\\\/2022\\\/12\\\/images-1.png\",\"datePublished\":\"2022-12-21T15:40:09+00:00\",\"dateModified\":\"2024-04-22T07:16:02+00:00\",\"breadcrumb\":{\"@id\":\"https:\\\/\\\/magnac-christophe.net\\\/index.php\\\/sexologie\\\/#breadcrumb\"},\"inLanguage\":\"fr-FR\",\"potentialAction\":[{\"@type\":\"ReadAction\",\"target\":[\"https:\\\/\\\/magnac-christophe.net\\\/index.php\\\/sexologie\\\/\"]}]},{\"@type\":\"ImageObject\",\"inLanguage\":\"fr-FR\",\"@id\":\"https:\\\/\\\/magnac-christophe.net\\\/index.php\\\/sexologie\\\/#primaryimage\",\"url\":\"https:\\\/\\\/magnac-christophe.net\\\/wp-content\\\/uploads\\\/2022\\\/12\\\/images-1.png\",\"contentUrl\":\"https:\\\/\\\/magnac-christophe.net\\\/wp-content\\\/uploads\\\/2022\\\/12\\\/images-1.png\",\"width\":238,\"height\":212,\"caption\":\"sexologie massage yoni\"},{\"@type\":\"BreadcrumbList\",\"@id\":\"https:\\\/\\\/magnac-christophe.net\\\/index.php\\\/sexologie\\\/#breadcrumb\",\"itemListElement\":[{\"@type\":\"ListItem\",\"position\":1,\"name\":\"Accueil\",\"item\":\"https:\\\/\\\/magnac-christophe.net\\\/\"},{\"@type\":\"ListItem\",\"position\":2,\"name\":\"Sexologie\"}]},{\"@type\":\"WebSite\",\"@id\":\"https:\\\/\\\/magnac-christophe.net\\\/#website\",\"url\":\"https:\\\/\\\/magnac-christophe.net\\\/\",\"name\":\"https:\\\/\\\/magnac-christophe.net\\\/\",\"description\":\"Magnac Christophe 06 76 00 74 83\",\"publisher\":{\"@id\":\"https:\\\/\\\/magnac-christophe.net\\\/#\\\/schema\\\/person\\\/eef232afe7e05abec91f62e7ca569442\"},\"potentialAction\":[{\"@type\":\"SearchAction\",\"target\":{\"@type\":\"EntryPoint\",\"urlTemplate\":\"https:\\\/\\\/magnac-christophe.net\\\/?s={search_term_string}\"},\"query-input\":{\"@type\":\"PropertyValueSpecification\",\"valueRequired\":true,\"valueName\":\"search_term_string\"}}],\"inLanguage\":\"fr-FR\"},{\"@type\":[\"Person\",\"Organization\"],\"@id\":\"https:\\\/\\\/magnac-christophe.net\\\/#\\\/schema\\\/person\\\/eef232afe7e05abec91f62e7ca569442\",\"name\":\"Magnac Christophe\",\"image\":{\"@type\":\"ImageObject\",\"inLanguage\":\"fr-FR\",\"@id\":\"https:\\\/\\\/magnac-christophe.net\\\/wp-content\\\/uploads\\\/2022\\\/11\\\/logo-cabinet-ch-mini.jpg\",\"url\":\"https:\\\/\\\/magnac-christophe.net\\\/wp-content\\\/uploads\\\/2022\\\/11\\\/logo-cabinet-ch-mini.jpg\",\"contentUrl\":\"https:\\\/\\\/magnac-christophe.net\\\/wp-content\\\/uploads\\\/2022\\\/11\\\/logo-cabinet-ch-mini.jpg\",\"width\":320,\"height\":240,\"caption\":\"Magnac Christophe\"},\"logo\":{\"@id\":\"https:\\\/\\\/magnac-christophe.net\\\/wp-content\\\/uploads\\\/2022\\\/11\\\/logo-cabinet-ch-mini.jpg\"},\"sameAs\":[\"http:\\\/\\\/magnac-christophe.net\"]}]}<\/script>\n<!-- \/ Yoast SEO plugin. -->","yoast_head_json":{"title":"Sexologie - Psychanalyste Addictologue Sexologue","robots":{"index":"index","follow":"follow","max-snippet":"max-snippet:-1","max-image-preview":"max-image-preview:large","max-video-preview":"max-video-preview:-1"},"canonical":"https:\/\/magnac-christophe.net\/index.php\/sexologie\/","og_locale":"fr_FR","og_type":"article","og_title":"Sexologie - Psychanalyste Addictologue Sexologue","og_description":"La sexologie : Sujet sensible, car il touche l\u2019intimit\u00e9 des gens, et il n\u2019est pas facile de reconnaitre, voir d\u2019exposer ce genre de soucis. De nombreux couples finissent par se s\u00e9parer \u00e0 cause du sexe qui repr\u00e9sente 50% de l\u2019\u00e9quilibre de l\u2019union. \u00a0 &#8211; On consulte un sexologue lorsque les soucis sont d\u2019ordre psychologique, th\u00e9rapie&hellip;&nbsp;Lire la suite &raquo;Sexologie","og_url":"https:\/\/magnac-christophe.net\/index.php\/sexologie\/","og_site_name":"Psychanalyste Addictologue Sexologue","article_modified_time":"2024-04-22T07:16:02+00:00","og_image":[{"url":"https:\/\/magnac-christophe.net\/wp-content\/uploads\/2022\/12\/images-1.png","type":"","width":"","height":""}],"twitter_card":"summary_large_image","twitter_misc":{"Dur\u00e9e de lecture estim\u00e9e":"4 minutes"},"schema":{"@context":"https:\/\/schema.org","@graph":[{"@type":"WebPage","@id":"https:\/\/magnac-christophe.net\/index.php\/sexologie\/","url":"https:\/\/magnac-christophe.net\/index.php\/sexologie\/","name":"Sexologie - Psychanalyste Addictologue Sexologue","isPartOf":{"@id":"https:\/\/magnac-christophe.net\/#website"},"primaryImageOfPage":{"@id":"https:\/\/magnac-christophe.net\/index.php\/sexologie\/#primaryimage"},"image":{"@id":"https:\/\/magnac-christophe.net\/index.php\/sexologie\/#primaryimage"},"thumbnailUrl":"https:\/\/magnac-christophe.net\/wp-content\/uploads\/2022\/12\/images-1.png","datePublished":"2022-12-21T15:40:09+00:00","dateModified":"2024-04-22T07:16:02+00:00","breadcrumb":{"@id":"https:\/\/magnac-christophe.net\/index.php\/sexologie\/#breadcrumb"},"inLanguage":"fr-FR","potentialAction":[{"@type":"ReadAction","target":["https:\/\/magnac-christophe.net\/index.php\/sexologie\/"]}]},{"@type":"ImageObject","inLanguage":"fr-FR","@id":"https:\/\/magnac-christophe.net\/index.php\/sexologie\/#primaryimage","url":"https:\/\/magnac-christophe.net\/wp-content\/uploads\/2022\/12\/images-1.png","contentUrl":"https:\/\/magnac-christophe.net\/wp-content\/uploads\/2022\/12\/images-1.png","width":238,"height":212,"caption":"sexologie massage yoni"},{"@type":"BreadcrumbList","@id":"https:\/\/magnac-christophe.net\/index.php\/sexologie\/#breadcrumb","itemListElement":[{"@type":"ListItem","position":1,"name":"Accueil","item":"https:\/\/magnac-christophe.net\/"},{"@type":"ListItem","position":2,"name":"Sexologie"}]},{"@type":"WebSite","@id":"https:\/\/magnac-christophe.net\/#website","url":"https:\/\/magnac-christophe.net\/","name":"https:\/\/magnac-christophe.net\/","description":"Magnac Christophe 06 76 00 74 83","publisher":{"@id":"https:\/\/magnac-christophe.net\/#\/schema\/person\/eef232afe7e05abec91f62e7ca569442"},"potentialAction":[{"@type":"SearchAction","target":{"@type":"EntryPoint","urlTemplate":"https:\/\/magnac-christophe.net\/?s={search_term_string}"},"query-input":{"@type":"PropertyValueSpecification","valueRequired":true,"valueName":"search_term_string"}}],"inLanguage":"fr-FR"},{"@type":["Person","Organization"],"@id":"https:\/\/magnac-christophe.net\/#\/schema\/person\/eef232afe7e05abec91f62e7ca569442","name":"Magnac Christophe","image":{"@type":"ImageObject","inLanguage":"fr-FR","@id":"https:\/\/magnac-christophe.net\/wp-content\/uploads\/2022\/11\/logo-cabinet-ch-mini.jpg","url":"https:\/\/magnac-christophe.net\/wp-content\/uploads\/2022\/11\/logo-cabinet-ch-mini.jpg","contentUrl":"https:\/\/magnac-christophe.net\/wp-content\/uploads\/2022\/11\/logo-cabinet-ch-mini.jpg","width":320,"height":240,"caption":"Magnac Christophe"},"logo":{"@id":"https:\/\/magnac-christophe.net\/wp-content\/uploads\/2022\/11\/logo-cabinet-ch-mini.jpg"},"sameAs":["http:\/\/magnac-christophe.net"]}]}},"jetpack_sharing_enabled":true,"_links":{"self":[{"href":"https:\/\/magnac-christophe.net\/index.php\/wp-json\/wp\/v2\/pages\/1374","targetHints":{"allow":["GET"]}}],"collection":[{"href":"https:\/\/magnac-christophe.net\/index.php\/wp-json\/wp\/v2\/pages"}],"about":[{"href":"https:\/\/magnac-christophe.net\/index.php\/wp-json\/wp\/v2\/types\/page"}],"author":[{"embeddable":true,"href":"https:\/\/magnac-christophe.net\/index.php\/wp-json\/wp\/v2\/users\/1"}],"replies":[{"embeddable":true,"href":"https:\/\/magnac-christophe.net\/index.php\/wp-json\/wp\/v2\/comments?post=1374"}],"version-history":[{"count":37,"href":"https:\/\/magnac-christophe.net\/index.php\/wp-json\/wp\/v2\/pages\/1374\/revisions"}],"predecessor-version":[{"id":2928,"href":"https:\/\/magnac-christophe.net\/index.php\/wp-json\/wp\/v2\/pages\/1374\/revisions\/2928"}],"wp:attachment":[{"href":"https:\/\/magnac-christophe.net\/index.php\/wp-json\/wp\/v2\/media?parent=1374"}],"curies":[{"name":"wp","href":"https:\/\/api.w.org\/{rel}","templated":true}]}}