{"id":1989,"date":"2023-01-08T09:07:24","date_gmt":"2023-01-08T08:07:24","guid":{"rendered":"https:\/\/magnac-christophe.net\/?page_id=1989"},"modified":"2025-12-27T15:10:10","modified_gmt":"2025-12-27T14:10:10","slug":"livres","status":"publish","type":"page","link":"https:\/\/magnac-christophe.net\/index.php\/livres\/","title":{"rendered":"Livres"},"content":{"rendered":"\t\t<div data-elementor-type=\"wp-page\" data-elementor-id=\"1989\" class=\"elementor elementor-1989\">\n\t\t\t\t\t\t<section class=\"elementor-section elementor-top-section elementor-element elementor-element-9968c32 elementor-section-boxed elementor-section-height-default elementor-section-height-default\" data-id=\"9968c32\" data-element_type=\"section\" data-e-type=\"section\">\n\t\t\t\t\t\t<div class=\"elementor-container elementor-column-gap-default\">\n\t\t\t\t\t<div class=\"elementor-column elementor-col-100 elementor-top-column elementor-element elementor-element-5c538ab\" data-id=\"5c538ab\" data-element_type=\"column\" data-e-type=\"column\">\n\t\t\t<div class=\"elementor-widget-wrap elementor-element-populated\">\n\t\t\t\t\t\t<div class=\"elementor-element elementor-element-c95df1a elementor-widget elementor-widget-spacer\" data-id=\"c95df1a\" data-element_type=\"widget\" data-e-type=\"widget\" data-widget_type=\"spacer.default\">\n\t\t\t\t<div class=\"elementor-widget-container\">\n\t\t\t\t\t\t\t<div class=\"elementor-spacer\">\n\t\t\t<div class=\"elementor-spacer-inner\"><\/div>\n\t\t<\/div>\n\t\t\t\t\t\t<\/div>\n\t\t\t\t<\/div>\n\t\t\t\t<div class=\"elementor-element elementor-element-898c52a elementor-widget elementor-widget-heading\" data-id=\"898c52a\" data-element_type=\"widget\" data-e-type=\"widget\" data-widget_type=\"heading.default\">\n\t\t\t\t<div class=\"elementor-widget-container\">\n\t\t\t\t\t<h1 class=\"elementor-heading-title elementor-size-default\">Livres<\/h1>\t\t\t\t<\/div>\n\t\t\t\t<\/div>\n\t\t\t\t\t<\/div>\n\t\t<\/div>\n\t\t\t\t\t<\/div>\n\t\t<\/section>\n\t\t\t\t<section class=\"elementor-section elementor-top-section elementor-element elementor-element-a682ad0 elementor-section-boxed elementor-section-height-default elementor-section-height-default\" data-id=\"a682ad0\" data-element_type=\"section\" data-e-type=\"section\">\n\t\t\t\t\t\t<div class=\"elementor-container elementor-column-gap-default\">\n\t\t\t\t\t<div class=\"elementor-column elementor-col-50 elementor-top-column elementor-element elementor-element-2dc7466\" data-id=\"2dc7466\" data-element_type=\"column\" data-e-type=\"column\">\n\t\t\t<div class=\"elementor-widget-wrap\">\n\t\t\t\t\t\t\t<\/div>\n\t\t<\/div>\n\t\t\t\t<div class=\"elementor-column elementor-col-50 elementor-top-column elementor-element elementor-element-6fa65f6\" data-id=\"6fa65f6\" data-element_type=\"column\" data-e-type=\"column\">\n\t\t\t<div class=\"elementor-widget-wrap elementor-element-populated\">\n\t\t\t\t\t\t<div class=\"elementor-element elementor-element-349c3f8 elementor-widget elementor-widget-heading\" data-id=\"349c3f8\" data-element_type=\"widget\" data-e-type=\"widget\" data-widget_type=\"heading.default\">\n\t\t\t\t<div class=\"elementor-widget-container\">\n\t\t\t\t\t<h4 class=\"elementor-heading-title elementor-size-default\">2026<\/h4>\t\t\t\t<\/div>\n\t\t\t\t<\/div>\n\t\t\t\t<div class=\"elementor-element elementor-element-69c5796 elementor-position-top elementor-invisible elementor-widget elementor-widget-image-box\" data-id=\"69c5796\" data-element_type=\"widget\" data-e-type=\"widget\" data-settings=\"{&quot;_animation&quot;:&quot;zoomInUp&quot;}\" data-widget_type=\"image-box.default\">\n\t\t\t\t<div class=\"elementor-widget-container\">\n\t\t\t\t\t<div class=\"elementor-image-box-wrapper\"><figure class=\"elementor-image-box-img\"><a href=\"https:\/\/www.coollibri.com\/bibliotheque-en-ligne\/christophe-magnac\/les-pensees-limitantes_1402454\" tabindex=\"-1\"><img fetchpriority=\"high\" decoding=\"async\" width=\"462\" height=\"625\" src=\"https:\/\/magnac-christophe.net\/wp-content\/uploads\/2025\/12\/Capture.png\" class=\"attachment-full size-full wp-image-3551\" alt=\"\" srcset=\"https:\/\/magnac-christophe.net\/wp-content\/uploads\/2025\/12\/Capture.png 462w, https:\/\/magnac-christophe.net\/wp-content\/uploads\/2025\/12\/Capture-222x300.png 222w\" sizes=\"(max-width: 462px) 100vw, 462px\" \/><\/a><\/figure><div class=\"elementor-image-box-content\"><h3 class=\"elementor-image-box-title\"><a href=\"https:\/\/www.coollibri.com\/bibliotheque-en-ligne\/christophe-magnac\/les-pensees-limitantes_1402454\">Les pens\u00e9es limitantes<\/a><\/h3><p class=\"elementor-image-box-description\">Ce livre explore en profondeur le m\u00e9canisme des pens\u00e9es et croyances limitantes, ces sch\u00e9mas mentaux souvent inconscients qui freinent le d\u00e9veloppement personnel, professionnel et relationnel.<\/p><\/div><\/div>\t\t\t\t<\/div>\n\t\t\t\t<\/div>\n\t\t\t\t\t<\/div>\n\t\t<\/div>\n\t\t\t\t\t<\/div>\n\t\t<\/section>\n\t\t\t\t<section class=\"elementor-section elementor-top-section elementor-element elementor-element-2c8dea7 elementor-section-boxed elementor-section-height-default elementor-section-height-default\" data-id=\"2c8dea7\" data-element_type=\"section\" data-e-type=\"section\">\n\t\t\t\t\t\t<div class=\"elementor-container elementor-column-gap-default\">\n\t\t\t\t\t<div class=\"elementor-column elementor-col-50 elementor-top-column elementor-element elementor-element-298f780\" data-id=\"298f780\" data-element_type=\"column\" data-e-type=\"column\">\n\t\t\t<div class=\"elementor-widget-wrap elementor-element-populated\">\n\t\t\t\t\t\t<div class=\"elementor-element elementor-element-3eeb742 elementor-widget elementor-widget-heading\" data-id=\"3eeb742\" data-element_type=\"widget\" data-e-type=\"widget\" data-widget_type=\"heading.default\">\n\t\t\t\t<div class=\"elementor-widget-container\">\n\t\t\t\t\t<h4 class=\"elementor-heading-title elementor-size-default\">2025<\/h4>\t\t\t\t<\/div>\n\t\t\t\t<\/div>\n\t\t\t\t<div class=\"elementor-element elementor-element-92b3da5 elementor-position-top elementor-invisible elementor-widget elementor-widget-image-box\" data-id=\"92b3da5\" data-element_type=\"widget\" data-e-type=\"widget\" data-settings=\"{&quot;_animation&quot;:&quot;fadeInLeft&quot;}\" data-widget_type=\"image-box.default\">\n\t\t\t\t<div class=\"elementor-widget-container\">\n\t\t\t\t\t<div class=\"elementor-image-box-wrapper\"><figure class=\"elementor-image-box-img\"><a href=\"https:\/\/www.coollibri.com\/bibliotheque-en-ligne\/christophe-magnac\/troubles-de-lapprentissage-lecture-adaptee-dyslexique-et-tdah_1055529\" tabindex=\"-1\"><img decoding=\"async\" width=\"484\" height=\"692\" src=\"https:\/\/magnac-christophe.net\/wp-content\/uploads\/2025\/01\/livre-troubles-apprentissage.png\" class=\"attachment-full size-full wp-image-3294\" alt=\"psychologue orthopedagogue psychop\u00e9dagogue\" srcset=\"https:\/\/magnac-christophe.net\/wp-content\/uploads\/2025\/01\/livre-troubles-apprentissage.png 484w, https:\/\/magnac-christophe.net\/wp-content\/uploads\/2025\/01\/livre-troubles-apprentissage-210x300.png 210w\" sizes=\"(max-width: 484px) 100vw, 484px\" \/><\/a><\/figure><div class=\"elementor-image-box-content\"><h3 class=\"elementor-image-box-title\"><a href=\"https:\/\/www.coollibri.com\/bibliotheque-en-ligne\/christophe-magnac\/troubles-de-lapprentissage-lecture-adaptee-dyslexique-et-tdah_1055529\">Troubles de l'apprentissage (police adapt\u00e9e aux dyslexiques et TDAH)<\/a><\/h3><p class=\"elementor-image-box-description\">Ce livre sur les troubles de l'apprentissage pr\u00e9sente une exploration approfondie des m\u00e9canismes cognitifs sous-jacents \u00e0 l'apprentissage, des diff\u00e9rents troubles (comme la dyslexie, le TDAH, la dyscalculie, etc)\n<\/p><\/div><\/div>\t\t\t\t<\/div>\n\t\t\t\t<\/div>\n\t\t\t\t\t<\/div>\n\t\t<\/div>\n\t\t\t\t<div class=\"elementor-column elementor-col-50 elementor-top-column elementor-element elementor-element-f5292f7\" data-id=\"f5292f7\" data-element_type=\"column\" data-e-type=\"column\">\n\t\t\t<div class=\"elementor-widget-wrap elementor-element-populated\">\n\t\t\t\t\t\t<div class=\"elementor-element elementor-element-848d792 elementor-widget elementor-widget-heading\" data-id=\"848d792\" data-element_type=\"widget\" data-e-type=\"widget\" data-widget_type=\"heading.default\">\n\t\t\t\t<div class=\"elementor-widget-container\">\n\t\t\t\t\t<h4 class=\"elementor-heading-title elementor-size-default\">2025<\/h4>\t\t\t\t<\/div>\n\t\t\t\t<\/div>\n\t\t\t\t<div class=\"elementor-element elementor-element-1fcd2f4 elementor-position-top elementor-invisible elementor-widget elementor-widget-image-box\" data-id=\"1fcd2f4\" data-element_type=\"widget\" data-e-type=\"widget\" data-settings=\"{&quot;_animation&quot;:&quot;fadeInRight&quot;}\" data-widget_type=\"image-box.default\">\n\t\t\t\t<div class=\"elementor-widget-container\">\n\t\t\t\t\t<div class=\"elementor-image-box-wrapper\"><figure class=\"elementor-image-box-img\"><a href=\"https:\/\/www.coollibri.com\/bibliotheque-en-ligne\/christophe-magnac\/troubles-de-lapprentissage_1042299\" tabindex=\"-1\"><img decoding=\"async\" width=\"484\" height=\"692\" src=\"https:\/\/magnac-christophe.net\/wp-content\/uploads\/2025\/01\/livre-troubles-apprentissage.png\" class=\"elementor-animation-pulse attachment-full size-full wp-image-3294\" alt=\"psychologue orthopedagogue psychop\u00e9dagogue\" srcset=\"https:\/\/magnac-christophe.net\/wp-content\/uploads\/2025\/01\/livre-troubles-apprentissage.png 484w, https:\/\/magnac-christophe.net\/wp-content\/uploads\/2025\/01\/livre-troubles-apprentissage-210x300.png 210w\" sizes=\"(max-width: 484px) 100vw, 484px\" \/><\/a><\/figure><div class=\"elementor-image-box-content\"><h3 class=\"elementor-image-box-title\"><a href=\"https:\/\/www.coollibri.com\/bibliotheque-en-ligne\/christophe-magnac\/troubles-de-lapprentissage_1042299\">Troubles de l'apprentissage<\/a><\/h3><p class=\"elementor-image-box-description\">Ce livre sur les troubles de l'apprentissage pr\u00e9sente une exploration approfondie des m\u00e9canismes cognitifs sous-jacents \u00e0 l'apprentissage, des diff\u00e9rents troubles (comme la dyslexie, le TDAH, la dyscalculie, etc)<\/p><\/div><\/div>\t\t\t\t<\/div>\n\t\t\t\t<\/div>\n\t\t\t\t\t<\/div>\n\t\t<\/div>\n\t\t\t\t\t<\/div>\n\t\t<\/section>\n\t\t\t\t<section class=\"elementor-section elementor-top-section elementor-element elementor-element-72e17b5 elementor-section-boxed elementor-section-height-default elementor-section-height-default\" data-id=\"72e17b5\" data-element_type=\"section\" data-e-type=\"section\">\n\t\t\t\t\t\t<div class=\"elementor-container elementor-column-gap-default\">\n\t\t\t\t\t<div class=\"elementor-column elementor-col-50 elementor-top-column elementor-element elementor-element-7696d70\" data-id=\"7696d70\" data-element_type=\"column\" data-e-type=\"column\">\n\t\t\t<div class=\"elementor-widget-wrap elementor-element-populated\">\n\t\t\t\t\t\t<div class=\"elementor-element elementor-element-bd788ab elementor-widget elementor-widget-heading\" data-id=\"bd788ab\" data-element_type=\"widget\" data-e-type=\"widget\" data-widget_type=\"heading.default\">\n\t\t\t\t<div class=\"elementor-widget-container\">\n\t\t\t\t\t<h4 class=\"elementor-heading-title elementor-size-default\">2022<\/h4>\t\t\t\t<\/div>\n\t\t\t\t<\/div>\n\t\t\t\t<div class=\"elementor-element elementor-element-f1a877a elementor-position-top elementor-invisible elementor-widget elementor-widget-image-box\" data-id=\"f1a877a\" data-element_type=\"widget\" data-e-type=\"widget\" data-settings=\"{&quot;_animation&quot;:&quot;fadeInLeft&quot;}\" data-widget_type=\"image-box.default\">\n\t\t\t\t<div class=\"elementor-widget-container\">\n\t\t\t\t\t<div class=\"elementor-image-box-wrapper\"><figure class=\"elementor-image-box-img\"><a href=\"https:\/\/www.coollibri.com\/bibliotheque-en-ligne\/christophe-magnac\/le-stress-la-fin-dun-regne_404472\" tabindex=\"-1\"><img loading=\"lazy\" decoding=\"async\" width=\"481\" height=\"679\" src=\"https:\/\/magnac-christophe.net\/wp-content\/uploads\/2023\/01\/couverture-livre-stress.png\" class=\"elementor-animation-pulse attachment-full size-full wp-image-2001\" alt=\"livre stress\" srcset=\"https:\/\/magnac-christophe.net\/wp-content\/uploads\/2023\/01\/couverture-livre-stress.png 481w, https:\/\/magnac-christophe.net\/wp-content\/uploads\/2023\/01\/couverture-livre-stress-213x300.png 213w\" sizes=\"(max-width: 481px) 100vw, 481px\" \/><\/a><\/figure><div class=\"elementor-image-box-content\"><h3 class=\"elementor-image-box-title\"><a href=\"https:\/\/www.coollibri.com\/bibliotheque-en-ligne\/christophe-magnac\/le-stress-la-fin-dun-regne_404472\">Le stress la fin d'un r\u00e8gne<\/a><\/h3><p class=\"elementor-image-box-description\">Le stress est pr\u00e9sent dans tous les aspects de nos vies. Des techniques simples permettent de le garder sous contr\u00f4le. Cet ouvrage va vous orienter vers des techniques efficaces issues de la sophrologie, massage, chromoth\u00e9rapie, psychologie appliqu\u00e9e et la naturopathie.<\/p><\/div><\/div>\t\t\t\t<\/div>\n\t\t\t\t<\/div>\n\t\t\t\t\t<\/div>\n\t\t<\/div>\n\t\t\t\t<div class=\"elementor-column elementor-col-50 elementor-top-column elementor-element elementor-element-9373623\" data-id=\"9373623\" data-element_type=\"column\" data-e-type=\"column\">\n\t\t\t<div class=\"elementor-widget-wrap elementor-element-populated\">\n\t\t\t\t\t\t<div class=\"elementor-element elementor-element-fcaf0f7 elementor-widget elementor-widget-heading\" data-id=\"fcaf0f7\" data-element_type=\"widget\" data-e-type=\"widget\" data-widget_type=\"heading.default\">\n\t\t\t\t<div class=\"elementor-widget-container\">\n\t\t\t\t\t<h4 class=\"elementor-heading-title elementor-size-default\">2020<\/h4>\t\t\t\t<\/div>\n\t\t\t\t<\/div>\n\t\t\t\t<div class=\"elementor-element elementor-element-5b580de elementor-position-top elementor-invisible elementor-widget elementor-widget-image-box\" data-id=\"5b580de\" data-element_type=\"widget\" data-e-type=\"widget\" data-settings=\"{&quot;_animation&quot;:&quot;fadeInRight&quot;}\" data-widget_type=\"image-box.default\">\n\t\t\t\t<div class=\"elementor-widget-container\">\n\t\t\t\t\t<div class=\"elementor-image-box-wrapper\"><figure class=\"elementor-image-box-img\"><a href=\"https:\/\/www.coollibri.com\/bibliotheque-en-ligne\/christophe-magnac\/savoir-communiquer_79983\" tabindex=\"-1\"><img loading=\"lazy\" decoding=\"async\" width=\"1280\" height=\"720\" src=\"https:\/\/magnac-christophe.net\/wp-content\/uploads\/2023\/01\/Diapositive1-e1673165990434.jpg\" class=\"elementor-animation-pulse attachment-full size-full wp-image-2003\" alt=\"livre communication\" srcset=\"https:\/\/magnac-christophe.net\/wp-content\/uploads\/2023\/01\/Diapositive1-e1673165990434.jpg 1280w, https:\/\/magnac-christophe.net\/wp-content\/uploads\/2023\/01\/Diapositive1-e1673165990434-300x169.jpg 300w, https:\/\/magnac-christophe.net\/wp-content\/uploads\/2023\/01\/Diapositive1-e1673165990434-1024x576.jpg 1024w, https:\/\/magnac-christophe.net\/wp-content\/uploads\/2023\/01\/Diapositive1-e1673165990434-768x432.jpg 768w\" sizes=\"(max-width: 1280px) 100vw, 1280px\" \/><\/a><\/figure><div class=\"elementor-image-box-content\"><h3 class=\"elementor-image-box-title\"><a href=\"https:\/\/www.coollibri.com\/bibliotheque-en-ligne\/christophe-magnac\/savoir-communiquer_79983\">Savoir communiquer<\/a><\/h3><p class=\"elementor-image-box-description\">La communication est essentielle dans la vie, mais malheureusement\u202f; nous ne sommes pas tous de bons communicants. Dans cet ouvrage, vous allez apprendre \u00e0 identifier et comprendre le fonctionnement des communications interpersonnelles.<\/p><\/div><\/div>\t\t\t\t<\/div>\n\t\t\t\t<\/div>\n\t\t\t\t\t<\/div>\n\t\t<\/div>\n\t\t\t\t\t<\/div>\n\t\t<\/section>\n\t\t\t\t<\/div>\n\t\t","protected":false},"excerpt":{"rendered":"<p>Livres 2026 Les pens\u00e9es limitantes Ce livre explore en profondeur le m\u00e9canisme des pens\u00e9es et croyances limitantes, ces sch\u00e9mas mentaux souvent inconscients qui freinent le d\u00e9veloppement personnel, professionnel et relationnel. 2025 Troubles de l&rsquo;apprentissage (police adapt\u00e9e aux dyslexiques et TDAH) Ce livre sur les troubles de l&rsquo;apprentissage pr\u00e9sente une exploration approfondie des m\u00e9canismes cognitifs sous-jacents&hellip;&nbsp;<a href=\"https:\/\/magnac-christophe.net\/index.php\/livres\/\" rel=\"bookmark\">Lire la suite &raquo;<span class=\"screen-reader-text\">Livres<\/span><\/a><\/p>\n","protected":false},"author":1,"featured_media":0,"parent":0,"menu_order":0,"comment_status":"closed","ping_status":"closed","template":"page-templates\/template-pagebuilder-full-width.php","meta":{"neve_meta_sidebar":"","neve_meta_container":"","neve_meta_enable_content_width":"","neve_meta_content_width":0,"neve_meta_title_alignment":"","neve_meta_author_avatar":"","neve_post_elements_order":"","neve_meta_disable_header":"","neve_meta_disable_footer":"","neve_meta_disable_title":"","footnotes":""},"class_list":["post-1989","page","type-page","status-publish","hentry"],"yoast_head":"<!-- This site is optimized with the Yoast SEO plugin v27.4 - https:\/\/yoast.com\/product\/yoast-seo-wordpress\/ -->\n<title>Livres - Psychanalyste Addictologue Sexologue<\/title>\n<meta name=\"robots\" content=\"index, follow, max-snippet:-1, max-image-preview:large, max-video-preview:-1\" \/>\n<link rel=\"canonical\" href=\"https:\/\/magnac-christophe.net\/index.php\/livres\/\" \/>\n<meta property=\"og:locale\" content=\"fr_FR\" \/>\n<meta property=\"og:type\" content=\"article\" \/>\n<meta property=\"og:title\" content=\"Livres - Psychanalyste Addictologue Sexologue\" \/>\n<meta property=\"og:description\" content=\"Livres 2026 Les pens\u00e9es limitantes Ce livre explore en profondeur le m\u00e9canisme des pens\u00e9es et croyances limitantes, ces sch\u00e9mas mentaux souvent inconscients qui freinent le d\u00e9veloppement personnel, professionnel et relationnel. 2025 Troubles de l&rsquo;apprentissage (police adapt\u00e9e aux dyslexiques et TDAH) Ce livre sur les troubles de l&rsquo;apprentissage pr\u00e9sente une exploration approfondie des m\u00e9canismes cognitifs sous-jacents&hellip;&nbsp;Lire la suite &raquo;Livres\" \/>\n<meta property=\"og:url\" content=\"https:\/\/magnac-christophe.net\/index.php\/livres\/\" \/>\n<meta property=\"og:site_name\" content=\"Psychanalyste Addictologue Sexologue\" \/>\n<meta property=\"article:modified_time\" content=\"2025-12-27T14:10:10+00:00\" \/>\n<meta property=\"og:image\" content=\"https:\/\/magnac-christophe.net\/wp-content\/uploads\/2025\/12\/Capture.png\" \/>\n\t<meta property=\"og:image:width\" content=\"462\" \/>\n\t<meta property=\"og:image:height\" content=\"625\" \/>\n\t<meta property=\"og:image:type\" content=\"image\/png\" \/>\n<meta name=\"twitter:card\" content=\"summary_large_image\" \/>\n<meta name=\"twitter:label1\" content=\"Dur\u00e9e de lecture estim\u00e9e\" \/>\n\t<meta name=\"twitter:data1\" content=\"2 minutes\" \/>\n<script type=\"application\/ld+json\" class=\"yoast-schema-graph\">{\"@context\":\"https:\\\/\\\/schema.org\",\"@graph\":[{\"@type\":\"WebPage\",\"@id\":\"https:\\\/\\\/magnac-christophe.net\\\/index.php\\\/livres\\\/\",\"url\":\"https:\\\/\\\/magnac-christophe.net\\\/index.php\\\/livres\\\/\",\"name\":\"Livres - Psychanalyste Addictologue Sexologue\",\"isPartOf\":{\"@id\":\"https:\\\/\\\/magnac-christophe.net\\\/#website\"},\"primaryImageOfPage\":{\"@id\":\"https:\\\/\\\/magnac-christophe.net\\\/index.php\\\/livres\\\/#primaryimage\"},\"image\":{\"@id\":\"https:\\\/\\\/magnac-christophe.net\\\/index.php\\\/livres\\\/#primaryimage\"},\"thumbnailUrl\":\"https:\\\/\\\/magnac-christophe.net\\\/wp-content\\\/uploads\\\/2025\\\/12\\\/Capture.png\",\"datePublished\":\"2023-01-08T08:07:24+00:00\",\"dateModified\":\"2025-12-27T14:10:10+00:00\",\"breadcrumb\":{\"@id\":\"https:\\\/\\\/magnac-christophe.net\\\/index.php\\\/livres\\\/#breadcrumb\"},\"inLanguage\":\"fr-FR\",\"potentialAction\":[{\"@type\":\"ReadAction\",\"target\":[\"https:\\\/\\\/magnac-christophe.net\\\/index.php\\\/livres\\\/\"]}]},{\"@type\":\"ImageObject\",\"inLanguage\":\"fr-FR\",\"@id\":\"https:\\\/\\\/magnac-christophe.net\\\/index.php\\\/livres\\\/#primaryimage\",\"url\":\"https:\\\/\\\/magnac-christophe.net\\\/wp-content\\\/uploads\\\/2025\\\/12\\\/Capture.png\",\"contentUrl\":\"https:\\\/\\\/magnac-christophe.net\\\/wp-content\\\/uploads\\\/2025\\\/12\\\/Capture.png\",\"width\":462,\"height\":625},{\"@type\":\"BreadcrumbList\",\"@id\":\"https:\\\/\\\/magnac-christophe.net\\\/index.php\\\/livres\\\/#breadcrumb\",\"itemListElement\":[{\"@type\":\"ListItem\",\"position\":1,\"name\":\"Accueil\",\"item\":\"https:\\\/\\\/magnac-christophe.net\\\/\"},{\"@type\":\"ListItem\",\"position\":2,\"name\":\"Livres\"}]},{\"@type\":\"WebSite\",\"@id\":\"https:\\\/\\\/magnac-christophe.net\\\/#website\",\"url\":\"https:\\\/\\\/magnac-christophe.net\\\/\",\"name\":\"https:\\\/\\\/magnac-christophe.net\\\/\",\"description\":\"Magnac Christophe 06 76 00 74 83\",\"publisher\":{\"@id\":\"https:\\\/\\\/magnac-christophe.net\\\/#\\\/schema\\\/person\\\/eef232afe7e05abec91f62e7ca569442\"},\"potentialAction\":[{\"@type\":\"SearchAction\",\"target\":{\"@type\":\"EntryPoint\",\"urlTemplate\":\"https:\\\/\\\/magnac-christophe.net\\\/?s={search_term_string}\"},\"query-input\":{\"@type\":\"PropertyValueSpecification\",\"valueRequired\":true,\"valueName\":\"search_term_string\"}}],\"inLanguage\":\"fr-FR\"},{\"@type\":[\"Person\",\"Organization\"],\"@id\":\"https:\\\/\\\/magnac-christophe.net\\\/#\\\/schema\\\/person\\\/eef232afe7e05abec91f62e7ca569442\",\"name\":\"Magnac Christophe\",\"image\":{\"@type\":\"ImageObject\",\"inLanguage\":\"fr-FR\",\"@id\":\"https:\\\/\\\/magnac-christophe.net\\\/wp-content\\\/uploads\\\/2022\\\/11\\\/logo-cabinet-ch-mini.jpg\",\"url\":\"https:\\\/\\\/magnac-christophe.net\\\/wp-content\\\/uploads\\\/2022\\\/11\\\/logo-cabinet-ch-mini.jpg\",\"contentUrl\":\"https:\\\/\\\/magnac-christophe.net\\\/wp-content\\\/uploads\\\/2022\\\/11\\\/logo-cabinet-ch-mini.jpg\",\"width\":320,\"height\":240,\"caption\":\"Magnac Christophe\"},\"logo\":{\"@id\":\"https:\\\/\\\/magnac-christophe.net\\\/wp-content\\\/uploads\\\/2022\\\/11\\\/logo-cabinet-ch-mini.jpg\"},\"sameAs\":[\"http:\\\/\\\/magnac-christophe.net\"]}]}<\/script>\n<!-- \/ Yoast SEO plugin. -->","yoast_head_json":{"title":"Livres - Psychanalyste Addictologue Sexologue","robots":{"index":"index","follow":"follow","max-snippet":"max-snippet:-1","max-image-preview":"max-image-preview:large","max-video-preview":"max-video-preview:-1"},"canonical":"https:\/\/magnac-christophe.net\/index.php\/livres\/","og_locale":"fr_FR","og_type":"article","og_title":"Livres - Psychanalyste Addictologue Sexologue","og_description":"Livres 2026 Les pens\u00e9es limitantes Ce livre explore en profondeur le m\u00e9canisme des pens\u00e9es et croyances limitantes, ces sch\u00e9mas mentaux souvent inconscients qui freinent le d\u00e9veloppement personnel, professionnel et relationnel. 2025 Troubles de l&rsquo;apprentissage (police adapt\u00e9e aux dyslexiques et TDAH) Ce livre sur les troubles de l&rsquo;apprentissage pr\u00e9sente une exploration approfondie des m\u00e9canismes cognitifs sous-jacents&hellip;&nbsp;Lire la suite &raquo;Livres","og_url":"https:\/\/magnac-christophe.net\/index.php\/livres\/","og_site_name":"Psychanalyste Addictologue Sexologue","article_modified_time":"2025-12-27T14:10:10+00:00","og_image":[{"width":462,"height":625,"url":"https:\/\/magnac-christophe.net\/wp-content\/uploads\/2025\/12\/Capture.png","type":"image\/png"}],"twitter_card":"summary_large_image","twitter_misc":{"Dur\u00e9e de lecture estim\u00e9e":"2 minutes"},"schema":{"@context":"https:\/\/schema.org","@graph":[{"@type":"WebPage","@id":"https:\/\/magnac-christophe.net\/index.php\/livres\/","url":"https:\/\/magnac-christophe.net\/index.php\/livres\/","name":"Livres - Psychanalyste Addictologue Sexologue","isPartOf":{"@id":"https:\/\/magnac-christophe.net\/#website"},"primaryImageOfPage":{"@id":"https:\/\/magnac-christophe.net\/index.php\/livres\/#primaryimage"},"image":{"@id":"https:\/\/magnac-christophe.net\/index.php\/livres\/#primaryimage"},"thumbnailUrl":"https:\/\/magnac-christophe.net\/wp-content\/uploads\/2025\/12\/Capture.png","datePublished":"2023-01-08T08:07:24+00:00","dateModified":"2025-12-27T14:10:10+00:00","breadcrumb":{"@id":"https:\/\/magnac-christophe.net\/index.php\/livres\/#breadcrumb"},"inLanguage":"fr-FR","potentialAction":[{"@type":"ReadAction","target":["https:\/\/magnac-christophe.net\/index.php\/livres\/"]}]},{"@type":"ImageObject","inLanguage":"fr-FR","@id":"https:\/\/magnac-christophe.net\/index.php\/livres\/#primaryimage","url":"https:\/\/magnac-christophe.net\/wp-content\/uploads\/2025\/12\/Capture.png","contentUrl":"https:\/\/magnac-christophe.net\/wp-content\/uploads\/2025\/12\/Capture.png","width":462,"height":625},{"@type":"BreadcrumbList","@id":"https:\/\/magnac-christophe.net\/index.php\/livres\/#breadcrumb","itemListElement":[{"@type":"ListItem","position":1,"name":"Accueil","item":"https:\/\/magnac-christophe.net\/"},{"@type":"ListItem","position":2,"name":"Livres"}]},{"@type":"WebSite","@id":"https:\/\/magnac-christophe.net\/#website","url":"https:\/\/magnac-christophe.net\/","name":"https:\/\/magnac-christophe.net\/","description":"Magnac Christophe 06 76 00 74 83","publisher":{"@id":"https:\/\/magnac-christophe.net\/#\/schema\/person\/eef232afe7e05abec91f62e7ca569442"},"potentialAction":[{"@type":"SearchAction","target":{"@type":"EntryPoint","urlTemplate":"https:\/\/magnac-christophe.net\/?s={search_term_string}"},"query-input":{"@type":"PropertyValueSpecification","valueRequired":true,"valueName":"search_term_string"}}],"inLanguage":"fr-FR"},{"@type":["Person","Organization"],"@id":"https:\/\/magnac-christophe.net\/#\/schema\/person\/eef232afe7e05abec91f62e7ca569442","name":"Magnac Christophe","image":{"@type":"ImageObject","inLanguage":"fr-FR","@id":"https:\/\/magnac-christophe.net\/wp-content\/uploads\/2022\/11\/logo-cabinet-ch-mini.jpg","url":"https:\/\/magnac-christophe.net\/wp-content\/uploads\/2022\/11\/logo-cabinet-ch-mini.jpg","contentUrl":"https:\/\/magnac-christophe.net\/wp-content\/uploads\/2022\/11\/logo-cabinet-ch-mini.jpg","width":320,"height":240,"caption":"Magnac Christophe"},"logo":{"@id":"https:\/\/magnac-christophe.net\/wp-content\/uploads\/2022\/11\/logo-cabinet-ch-mini.jpg"},"sameAs":["http:\/\/magnac-christophe.net"]}]}},"jetpack_sharing_enabled":true,"_links":{"self":[{"href":"https:\/\/magnac-christophe.net\/index.php\/wp-json\/wp\/v2\/pages\/1989","targetHints":{"allow":["GET"]}}],"collection":[{"href":"https:\/\/magnac-christophe.net\/index.php\/wp-json\/wp\/v2\/pages"}],"about":[{"href":"https:\/\/magnac-christophe.net\/index.php\/wp-json\/wp\/v2\/types\/page"}],"author":[{"embeddable":true,"href":"https:\/\/magnac-christophe.net\/index.php\/wp-json\/wp\/v2\/users\/1"}],"replies":[{"embeddable":true,"href":"https:\/\/magnac-christophe.net\/index.php\/wp-json\/wp\/v2\/comments?post=1989"}],"version-history":[{"count":79,"href":"https:\/\/magnac-christophe.net\/index.php\/wp-json\/wp\/v2\/pages\/1989\/revisions"}],"predecessor-version":[{"id":3560,"href":"https:\/\/magnac-christophe.net\/index.php\/wp-json\/wp\/v2\/pages\/1989\/revisions\/3560"}],"wp:attachment":[{"href":"https:\/\/magnac-christophe.net\/index.php\/wp-json\/wp\/v2\/media?parent=1989"}],"curies":[{"name":"wp","href":"https:\/\/api.w.org\/{rel}","templated":true}]}}